{"id":8328,"date":"2022-11-25T14:13:45","date_gmt":"2022-11-25T14:13:45","guid":{"rendered":"https:\/\/www.srbifor.at\/?page_id=8328"},"modified":"2022-11-25T14:19:20","modified_gmt":"2022-11-25T14:19:20","slug":"datenschutzerklaerung","status":"publish","type":"page","link":"https:\/\/www.srbifor.at\/de\/datenschutzerklaerung\/","title":{"rendered":"Datenschutzerkl\u00e4rung"},"content":{"rendered":"\t\t<div data-elementor-type=\"wp-page\" data-elementor-id=\"8328\" class=\"elementor elementor-8328\">\n\t\t\t\t<div class=\"elementor-element elementor-element-05239ed e-flex e-con-boxed e-con e-parent\" data-id=\"05239ed\" data-element_type=\"container\">\n\t\t\t\t\t<div class=\"e-con-inner\">\n\t\t\t\t<div class=\"elementor-element elementor-element-c8a23ca elementor-widget elementor-widget-text-editor\" data-id=\"c8a23ca\" data-element_type=\"widget\" data-widget_type=\"text-editor.default\">\n\t\t\t\t<div class=\"elementor-widget-container\">\n\t\t\t\t\t\t\t<p>Der Schutz und die Sicherheit Ihrer pers\u00f6nlichen Daten sind uns ein wichtiges Anliegen. Die in dieser Datenschutzerkl\u00e4rung enthaltenen Ausf\u00fchrungen sollen Ihnen einen \u00dcberblick dar\u00fcber geben, wie und wozu die w\u00e4hrend der Nutzung unserer Website erfassten Daten von uns verwendet werden. Wir bekennen uns zum Datenschutz und zur Einhaltung der datenschutzrechtlichen Bestimmungen (Datenschutzgesetz \u2013 DSG, Datenschutz-Grundverordnung, TKG). N\u00e4here Informationen zu unserem Unternehmen finden Sie im&nbsp;<a id=\"ch_-2068527832\" href=\"https:\/\/www.vbs-verputz.at\/impressum\">Impressum<\/a>.<\/p>\n<p>Mit Nutzung unserer Website stimmen Sie den nachfolgenden Bestimmungen unserer Datenschutzerkl\u00e4rung zu:<\/p>\n<p><strong>1. Erhebung und Speicherung personenbezogener Daten sowie Art und Zweck von deren Verwendung<\/strong><\/p>\n<p>Personenbezogene Daten sind solche, welche es uns erm\u00f6glichen, Sie zu identifizieren. Dazu geh\u00f6ren z.B. Name, E-Mail-Adresse, Anschrift, Telefonnummer. Personenbezogene Daten werden von uns lediglich in den folgenden Anwendungen und nur dann erhoben und verarbeitet, wenn Sie dem zuvor ausdr\u00fccklich zustimmen und Sie diese zur Nutzung unserer Services selbst und direkt eingeben:<\/p>\n<p>a) Beim Besuch der Website<\/p>\n<p>Beim Aufrufen unserer Website<strong>&nbsp;<\/strong>werden durch den auf Ihrem Endger\u00e4t zum Einsatz kommenden Browser automatisch Informationen an den Server unserer Website gesendet. Diese Informationen werden tempor\u00e4r in einem sog. Logfile gespeichert. Folgende Informationen werden dabei ohne Ihr Zutun erfasst und bis zur automatisierten L\u00f6schung gespeichert:<\/p>\n<ul>\n<li>IP-Adresse des anfragenden Rechners,<\/li>\n<li>Datum und Uhrzeit des Zugriffs,<\/li>\n<li>Name und URL der abgerufenen Datei,<\/li>\n<li>Website, von der aus der Zugriff erfolgt (Referrer-URL),<\/li>\n<li>verwendeter Browser und ggf. das Betriebssystem Ihres Rechners sowie der Name Ihres Access-Providers<\/li>\n<\/ul>\n<p>Die genannten Daten werden durch uns zu folgenden Zwecken verarbeitet:<\/p>\n<ul>\n<li>Gew\u00e4hrleistung eines reibungslosen Verbindungsaufbaus der Website,<\/li>\n<li>Gew\u00e4hrleistung einer komfortablen Nutzung unserer Website,<\/li>\n<li>Auswertung der Systemsicherheit und -stabilit\u00e4t sowie<\/li>\n<li>zu weiteren administrativen Zwecken.<\/li>\n<\/ul>\n<p>Die Rechtsgrundlage f\u00fcr die Datenverarbeitung ist Art. 6 Abs. 1 S. 1 lit. f DSGVO. Unser berechtigtes Interesse folgt aus oben aufgelisteten Zwecken zur Datenerhebung. In keinem Fall verwenden wir die erhobenen Daten zu dem Zweck, R\u00fcckschl\u00fcsse auf Ihre Person zu ziehen.<\/p>\n<p>b) Bei Nutzung unseres Kontaktformulars<\/p>\n<p>Bei Fragen jeglicher Art bieten wir Ihnen die M\u00f6glichkeit, mit uns \u00fcber ein auf der Website bereitgestelltes Formular Kontakt aufzunehmen. Dabei ist die Angabe einer g\u00fcltigen E-Mail-Adresse erforderlich, damit wir wissen, von wem die Anfrage stammt und um diese beantworten zu k\u00f6nnen. Weitere Angaben k\u00f6nnen freiwillig get\u00e4tigt werden.<\/p>\n<p>In einem solchen Fall werden Sie \u00fcber die Art der erhobenen Daten und den Zweck der Verarbeitung vor dem Absenden der Daten informiert und zur Abgabe einer entsprechenden Einwilligungserkl\u00e4rung aufgefordert, welche Sie jederzeit widerrufen k\u00f6nnen.&nbsp;<\/p>\n<p><strong>2. Weitergabe von Daten<\/strong><\/p>\n<p>Eine \u00dcbermittlung Ihrer pers\u00f6nlichen Daten an Dritte zu anderen als den im Folgenden aufgef\u00fchrten Zwecken findet nicht statt.<\/p>\n<p>Wir geben Ihre pers\u00f6nlichen Daten nur an Dritte weiter, wenn:<\/p>\n<ul>\n<li>Sie Ihre nach Art. 6 Abs. 1 S. 1 lit. a DSGVO ausdr\u00fcckliche Einwilligung dazu erteilt haben,<\/li>\n<li>die Weitergabe nach Art. 6 Abs. 1 S. 1 lit. f DSGVO zur Geltendmachung, Aus\u00fcbung oder Verteidigung von Rechtsanspr\u00fcchen erforderlich ist und kein Grund zur Annahme besteht, dass Sie ein \u00fcberwiegendes schutzw\u00fcrdiges Interesse an der Nichtweitergabe Ihrer Daten haben,<\/li>\n<li>f\u00fcr den Fall, dass f\u00fcr die Weitergabe nach Art. 6 Abs. 1 S. 1 lit. c DSGVO eine gesetzliche Verpflichtung besteht, sowie<\/li>\n<li>dies gesetzlich zul\u00e4ssig und nach Art. 6 Abs. 1 S. 1 lit. b DSGVO f\u00fcr die Abwicklung von Vertragsverh\u00e4ltnissen mit Ihnen erforderlich ist.<\/li>\n<\/ul>\n<p><strong>3.&nbsp; Sonstige Daten<\/strong><\/p>\n<p>Au\u00dfer den in Punkt 1. genannten Daten werden von uns keine personenbezogenen Daten erhoben. Zur besseren Nutz- und Darstellbarkeit unserer Dienste werden lediglich allgemeine Informationen \u00fcber Ihr Endger\u00e4t erhoben; dabei handelt es sich um Ihre Bildschirmaufl\u00f6sung, Ihr Betriebssystem und dessen Version, Ihren Browser. Die von uns verwendeten Cookies und Social Plugins sind in der&nbsp;<a href=\"https:\/\/www.srbifor.at\/cookie-richtlinien\/\" target=\"_blank\" rel=\"noopener\">Cookie Policy<\/a>&nbsp;n\u00e4her beschrieben.<\/p><p><strong style=\"text-align: var(--text-align); color: var( --e-global-color-text ); font-family: var( --e-global-typography-text-font-family ), Sans-serif; font-size: var( --e-global-typography-text-font-size );\">4. Betroffenenrechte<\/strong><\/p>\n<p>Sie haben das Recht:<\/p>\n<ul>\n<li>gem\u00e4\u00df Art. 15 DSGVO Auskunft \u00fcber Ihre von uns verarbeiteten personenbezogenen Daten zu verlangen. Insbesondere k\u00f6nnen Sie Auskunft \u00fcber die Verarbeitungszwecke, die Kategorie der personenbezogenen Daten, die Kategorien von Empf\u00e4ngern, gegen\u00fcber denen Ihre Daten offengelegt wurden oder werden, die geplante Speicherdauer, das Bestehen eines Rechts auf Berichtigung, L\u00f6schung, Einschr\u00e4nkung der Verarbeitung oder Widerspruch, das Bestehen eines Beschwerderechts, die Herkunft ihrer Daten, sofern diese nicht bei uns erhoben wurden, sowie \u00fcber das Bestehen einer automatisierten Entscheidungsfindung einschlie\u00dflich Profiling und ggf. aussagekr\u00e4ftigen Informationen zu deren Einzelheiten verlangen;<\/li>\n<li>gem\u00e4\u00df Art. 16 DSGVO unverz\u00fcglich die Berichtigung unrichtiger oder Vervollst\u00e4ndigung Ihrer bei uns gespeicherten personenbezogenen Daten zu verlangen;<\/li>\n<li>gem\u00e4\u00df Art. 17 DSGVO die L\u00f6schung Ihrer bei uns gespeicherten personenbezogenen Daten zu verlangen, soweit nicht die Verarbeitung zur Aus\u00fcbung des Rechts auf freie Meinungs\u00e4u\u00dferung und Information, zur Erf\u00fcllung einer rechtlichen Verpflichtung, aus Gr\u00fcnden des \u00f6ffentlichen Interesses oder zur Geltendmachung, Aus\u00fcbung oder Verteidigung von Rechtsanspr\u00fcchen erforderlich ist;<\/li>\n<li>gem\u00e4\u00df Art. 18 DSGVO die Einschr\u00e4nkung der Verarbeitung Ihrer personenbezogenen Daten zu verlangen, soweit die Richtigkeit der Daten von Ihnen bestritten wird, die Verarbeitung unrechtm\u00e4\u00dfig ist, Sie aber deren L\u00f6schung ablehnen und wir die Daten nicht mehr ben\u00f6tigen, Sie jedoch diese zur Geltendmachung, Aus\u00fcbung oder Verteidigung von Rechtsanspr\u00fcchen ben\u00f6tigen oder Sie gem\u00e4\u00df Art. 21 DSGVO Widerspruch gegen die Verarbeitung eingelegt haben;<\/li>\n<li>gem\u00e4\u00df Art. 20 DSGVO Ihre personenbezogenen Daten, die Sie uns bereitgestellt haben, in einem strukturierten, g\u00e4ngigen und maschinenlesbaren Format zu erhalten oder die \u00dcbermittlung an einen anderen Verantwortlichen zu verlangen;<\/li>\n<li>gem\u00e4\u00df Art. 7 Abs. 3 DSGVO Ihre einmal erteilte Einwilligung jederzeit gegen\u00fcber uns zu widerrufen. Dies hat zur Folge, dass wir die Datenverarbeitung, die auf dieser Einwilligung beruhte, f\u00fcr die Zukunft nicht mehr fortf\u00fchren d\u00fcrfen und<\/li>\n<li>gem\u00e4\u00df Art. 77 DSGVO sich bei einer Aufsichtsbeh\u00f6rde zu beschweren. In der Regel k\u00f6nnen Sie sich hierf\u00fcr an die Aufsichtsbeh\u00f6rde Ihres \u00fcblichen Aufenthaltsortes oder Arbeitsplatzes oder unseres Kanzleisitzes wenden.<\/li>\n<\/ul>\n<p><strong>5. Datensicherheit<\/strong><\/p>\n<p>Wir verwenden innerhalb des Website-Besuchs das verbreitete SSL-Verfahren (Secure Socket Layer) in Verbindung mit der jeweils h\u00f6chsten Verschl\u00fcsselungsstufe, die von Ihrem Browser unterst\u00fctzt wird. In der Regel handelt es sich dabei um eine 256 Bit Verschl\u00fcsselung. Falls Ihr Browser keine 256-Bit Verschl\u00fcsselung unterst\u00fctzt, greifen wir stattdessen auf 128-Bit v3 Technologie zur\u00fcck. Ob eine einzelne Seite unseres Internetauftrittes verschl\u00fcsselt \u00fcbertragen wird, erkennen Sie an der geschlossenen Darstellung des Schl\u00fcssel- beziehungsweise Schloss-Symbols in der unteren Statusleiste Ihres Browsers.<\/p>\n<p>Wir bedienen uns im \u00dcbrigen geeigneter technischer und organisatorischer Sicherheitsma\u00dfnahmen, um Ihre Daten gegen zuf\u00e4llige oder vors\u00e4tzliche Manipulationen, teilweisen oder vollst\u00e4ndigen Verlust, Zerst\u00f6rung oder gegen den unbefugten Zugriff Dritter zu sch\u00fctzen. Unsere Sicherheitsma\u00dfnahmen werden entsprechend der technologischen Entwicklung fortlaufend verbessert.<\/p>\n<p><strong>6. Links zu anderen Anbietern<\/strong><\/p>\n<p>Unsere Website enth\u00e4lt weiterf\u00fchrende Informationen von anderen Anbietern. Die damit verlinkten Inhalte wurden von Dritten erstellt und wir haben keinerlei Einfluss darauf. Eine Haftung von uns f\u00fcr die verlinkten Inhalte wird ausgeschlossen. Die gegenst\u00e4ndliche Datenschutzerkl\u00e4rung gilt nicht f\u00fcr verlinkte Websites, Plattformen.&nbsp;<\/p>\n<p><strong>7. Aktualit\u00e4t und \u00c4nderung dieser Datenschutzerkl\u00e4rung<\/strong>.<\/p>\n<p>Durch die Weiterentwicklung unserer Website und Angebote dar\u00fcber oder aufgrund ge\u00e4nderter gesetzlicher beziehungsweise beh\u00f6rdlicher Vorgaben kann es notwendig werden, diese Datenschutzerkl\u00e4rung zu \u00e4ndern. Die jeweils aktuelle Datenschutzerkl\u00e4rung wird jeweils an dieser Stelle ver\u00f6ffentlicht.&nbsp;<\/p>\n<p><strong>8. Fragen, Anregungen, Kommentare<\/strong><\/p>\n<p>Sollten Sie Fragen zu dieser Datenschutzerkl\u00e4rung haben, Anregungen oder Kommentare \u00fcbermitteln wollen, wenden Sie sich bitte an serben-vlbg@hotmail.com<\/p>\t\t\t\t\t\t<\/div>\n\t\t\t\t<\/div>\n\t\t\t\t\t<\/div>\n\t\t\t\t<\/div>\n\t\t\t\t<\/div>\n\t\t","protected":false},"excerpt":{"rendered":"<p>Der Schutz und die Sicherheit Ihrer pers\u00f6nlichen Daten sind uns ein wichtiges Anliegen. Die in dieser Datenschutzerkl\u00e4rung enthaltenen Ausf\u00fchrungen sollen Ihnen einen \u00dcberblick dar\u00fcber geben, wie und wozu die w\u00e4hrend der Nutzung unserer Website erfassten Daten von uns verwendet werden. Wir bekennen uns zum Datenschutz und zur Einhaltung der datenschutzrechtlichen Bestimmungen (Datenschutzgesetz \u2013 DSG, Datenschutz-Grundverordnung, [&hellip;]<\/p>\n","protected":false},"author":1,"featured_media":0,"parent":0,"menu_order":0,"comment_status":"closed","ping_status":"closed","template":"","meta":{"footnotes":""},"class_list":["post-8328","page","type-page","status-publish","hentry"],"_links":{"self":[{"href":"https:\/\/www.srbifor.at\/de\/wp-json\/wp\/v2\/pages\/8328"}],"collection":[{"href":"https:\/\/www.srbifor.at\/de\/wp-json\/wp\/v2\/pages"}],"about":[{"href":"https:\/\/www.srbifor.at\/de\/wp-json\/wp\/v2\/types\/page"}],"author":[{"embeddable":true,"href":"https:\/\/www.srbifor.at\/de\/wp-json\/wp\/v2\/users\/1"}],"replies":[{"embeddable":true,"href":"https:\/\/www.srbifor.at\/de\/wp-json\/wp\/v2\/comments?post=8328"}],"version-history":[{"count":14,"href":"https:\/\/www.srbifor.at\/de\/wp-json\/wp\/v2\/pages\/8328\/revisions"}],"predecessor-version":[{"id":8345,"href":"https:\/\/www.srbifor.at\/de\/wp-json\/wp\/v2\/pages\/8328\/revisions\/8345"}],"wp:attachment":[{"href":"https:\/\/www.srbifor.at\/de\/wp-json\/wp\/v2\/media?parent=8328"}],"curies":[{"name":"wp","href":"https:\/\/api.w.org\/{rel}","templated":true}]}}