{"id":7747,"date":"2022-05-23T21:11:36","date_gmt":"2022-05-23T21:11:36","guid":{"rendered":"https:\/\/www.srbifor.at\/impressum\/"},"modified":"2024-02-26T15:56:40","modified_gmt":"2024-02-26T15:56:40","slug":"impressum","status":"publish","type":"page","link":"https:\/\/www.srbifor.at\/de\/impressum\/","title":{"rendered":"Impressum"},"content":{"rendered":"\t\t<div data-elementor-type=\"wp-page\" data-elementor-id=\"7747\" class=\"elementor elementor-7747\">\n\t\t\t\t\t\t<section class=\"elementor-section elementor-top-section elementor-element elementor-element-14744e9 elementor-section-boxed elementor-section-height-default elementor-section-height-default\" data-id=\"14744e9\" data-element_type=\"section\">\n\t\t\t\t\t\t<div class=\"elementor-container elementor-column-gap-default\">\n\t\t\t\t\t<div class=\"elementor-column elementor-col-100 elementor-top-column elementor-element elementor-element-d405994\" data-id=\"d405994\" data-element_type=\"column\">\n\t\t\t<div class=\"elementor-widget-wrap elementor-element-populated\">\n\t\t\t\t\t\t<div class=\"elementor-element elementor-element-546786f elementor-widget elementor-widget-text-editor\" data-id=\"546786f\" data-element_type=\"widget\" data-widget_type=\"text-editor.default\">\n\t\t\t\t<div class=\"elementor-widget-container\">\n\t\t\t\t\t\t\t<p><strong>Vereinsname:<br><\/strong>Srbi iz Forarlberga\/Serben aus Vorarlberg &#8211; Verband zur Erhaltung der Serbischen&nbsp;<span style=\"color: var( --e-global-color-text ); font-family: var( --e-global-typography-text-font-family ), Sans-serif; font-size: var( --e-global-typography-text-font-size ); font-weight: var( --e-global-typography-text-font-weight );\">Kultur in Vorarlberg<\/span><\/p>\n<p><span style=\"font-weight: bold;\">ZVR-Zahl:<br><\/span>1646797241<\/p>\n<p><strong>Vereinssitz:<br><\/strong>Steinebach 18, 6850 Dornbirn, Vorarlberg Austria<\/p>\n<p><strong>Vereinstyp:<\/strong><br>Verband zur Erhaltung derSerbischen Kultur in Vorarlberg<\/p>\n<p><strong>Tel.-Nr.: +4369917139153<\/strong><br><strong>E-Mail: <\/strong>office@srbifor.at<\/p>\n<p><strong>\u00d6ffnungszeiten (sowie telefonische Erreichbarkeit):<\/strong><br>Montag \u2013 Freitag: 08:00h bis 18:00h<\/p>\n<p><b>Organschaftliche Vertreter:<\/b><\/p>\n<p>Obmann:<span style=\"color: var( --e-global-color-text ); font-family: var( --e-global-typography-text-font-family ), Sans-serif; font-size: var( --e-global-typography-text-font-size );\">&nbsp;Dzami\u0107 Slavoljub<\/span><br>Obmann Stv: Nikoli\u0107 Danijel Mag.iur.<br>Schriftf\u00fchrerin: Markovi\u0107 Daliborka<br>Schriftf\u00fchrer Stv: Tatarevi\u0107 Milo\u0161<br>Kassier: Stefanovi\u0107 Sa\u0161a MSc<br>Kassier Stv: Jovi\u0107 Dejan<\/p>\n<p><strong>Rechtsvorschriften:<\/strong><br>Vereinsgesetz 2002 \u2013 VerG<\/p>\n<p><strong>und Zugang dazu:<\/strong><br>www.ris.bka.gv.at<\/p>\n<p><strong>Online-Streitbeilegung<br><\/strong>Plattform der EU-Kommission zur Online-Streitbeilegung: <a href=\"https:\/\/ec.europa.eu\/odr\">https:\/\/ec.europa.eu\/odr<\/a><br>Wir sind zur Teilnahme an einem Streitbeilegungsverfahren vor einer Verbraucherschlichtungsstelle weder verpflichtet noch bereit.<\/p>\t\t\t\t\t\t<\/div>\n\t\t\t\t<\/div>\n\t\t\t\t\t<\/div>\n\t\t<\/div>\n\t\t\t\t\t<\/div>\n\t\t<\/section>\n\t\t\t\t<\/div>\n\t\t","protected":false},"excerpt":{"rendered":"<p>Vereinsname:Srbi iz Forarlberga\/Serben aus Vorarlberg &#8211; Verband zur Erhaltung der Serbischen&nbsp;Kultur in Vorarlberg ZVR-Zahl:1646797241 Vereinssitz:Steinebach 18, 6850 Dornbirn, Vorarlberg Austria Vereinstyp:Verband zur Erhaltung derSerbischen Kultur in Vorarlberg Tel.-Nr.: +4369917139153E-Mail: office@srbifor.at \u00d6ffnungszeiten (sowie telefonische Erreichbarkeit):Montag \u2013 Freitag: 08:00h bis 18:00h Organschaftliche Vertreter: Obmann:&nbsp;Dzami\u0107 SlavoljubObmann Stv: Nikoli\u0107 Danijel Mag.iur.Schriftf\u00fchrerin: Markovi\u0107 DaliborkaSchriftf\u00fchrer Stv: Tatarevi\u0107 Milo\u0161Kassier: Stefanovi\u0107 Sa\u0161a MScKassier [&hellip;]<\/p>\n","protected":false},"author":1,"featured_media":0,"parent":0,"menu_order":0,"comment_status":"closed","ping_status":"closed","template":"","meta":{"footnotes":""},"class_list":["post-7747","page","type-page","status-publish","hentry"],"_links":{"self":[{"href":"https:\/\/www.srbifor.at\/de\/wp-json\/wp\/v2\/pages\/7747"}],"collection":[{"href":"https:\/\/www.srbifor.at\/de\/wp-json\/wp\/v2\/pages"}],"about":[{"href":"https:\/\/www.srbifor.at\/de\/wp-json\/wp\/v2\/types\/page"}],"author":[{"embeddable":true,"href":"https:\/\/www.srbifor.at\/de\/wp-json\/wp\/v2\/users\/1"}],"replies":[{"embeddable":true,"href":"https:\/\/www.srbifor.at\/de\/wp-json\/wp\/v2\/comments?post=7747"}],"version-history":[{"count":44,"href":"https:\/\/www.srbifor.at\/de\/wp-json\/wp\/v2\/pages\/7747\/revisions"}],"predecessor-version":[{"id":9891,"href":"https:\/\/www.srbifor.at\/de\/wp-json\/wp\/v2\/pages\/7747\/revisions\/9891"}],"wp:attachment":[{"href":"https:\/\/www.srbifor.at\/de\/wp-json\/wp\/v2\/media?parent=7747"}],"curies":[{"name":"wp","href":"https:\/\/api.w.org\/{rel}","templated":true}]}}